{"id":242523,"date":"2023-08-03T14:41:56","date_gmt":"2023-08-03T12:41:56","guid":{"rendered":"https:\/\/techniroute.wedo.lu\/zugaenglichkeit\/"},"modified":"2024-11-12T11:58:02","modified_gmt":"2024-11-12T10:58:02","slug":"zugaenglichkeit","status":"publish","type":"page","link":"https:\/\/techniroute.wedo.lu\/de\/zugaenglichkeit\/","title":{"rendered":"Zug\u00e4nglichkeit"},"content":{"rendered":"<p>[et_pb_section fb_built=&#8220;1&#8243; custom_padding_last_edited=&#8220;on|tablet&#8220; _builder_version=&#8220;4.21.0&#8243; _module_preset=&#8220;default&#8220; use_background_color_gradient=&#8220;on&#8220; background_color_gradient_stops=&#8220;rgba(0,0,0,0.74) 0%|rgba(255,255,255,0) 99%&#8220; background_color_gradient_overlays_image=&#8220;on&#8220; background_image=&#8220;https:\/\/techniroute.wedo.lu\/wp-content\/uploads\/2023\/08\/Techniroute-Hero-accessibilite.jpg&#8220; overflow-x=&#8220;hidden&#8220; overflow-y=&#8220;hidden&#8220; custom_margin=&#8220;0px||0px||false|false&#8220; custom_padding=&#8220;20px||340px||false|false&#8220; custom_padding_tablet=&#8220;0px||220px||false|false&#8220; custom_padding_phone=&#8220;0px||220px||false|false&#8220; animation_style=&#8220;fade&#8220; animation_speed_curve=&#8220;ease&#8220; global_colors_info=&#8220;{}&#8220;][et_pb_row use_custom_gutter=&#8220;on&#8220; gutter_width=&#8220;1&#8243; _builder_version=&#8220;4.27.3&#8243; _module_preset=&#8220;default&#8220; width=&#8220;90%&#8220; max_width=&#8220;1300px&#8220; custom_margin=&#8220;50px||0px||false|false&#8220; custom_padding=&#8220;0px||0px||false|false&#8220; hover_enabled=&#8220;0&#8243; global_colors_info=&#8220;{}&#8220; sticky_enabled=&#8220;0&#8243;][et_pb_column type=&#8220;4_4&#8243; _builder_version=&#8220;4.19.4&#8243; _module_preset=&#8220;default&#8220; animation_style=&#8220;slide&#8220; animation_direction=&#8220;bottom&#8220; animation_delay=&#8220;300ms&#8220; animation_intensity_slide=&#8220;6%&#8220; animation_speed_curve=&#8220;ease&#8220; global_colors_info=&#8220;{}&#8220;][et_pb_text _builder_version=&#8220;4.27.3&#8243; _module_preset=&#8220;default&#8220; header_font=&#8220;Montserrat|700|||||||&#8220; header_text_align=&#8220;left&#8220; header_text_color=&#8220;#FFFFFF&#8220; header_font_size=&#8220;110px&#8220; header_letter_spacing=&#8220;2px&#8220; header_line_height=&#8220;0.9em&#8220; max_width_tablet=&#8220;70%&#8220; max_width_phone=&#8220;100%&#8220; max_width_last_edited=&#8220;off|desktop&#8220; custom_margin=&#8220;5px||0px||false|false&#8220; custom_margin_tablet=&#8220;0px||0px||false|false&#8220; custom_margin_phone=&#8220;0px||0px||false|false&#8220; custom_margin_last_edited=&#8220;on|tablet&#8220; custom_padding=&#8220;0px|0px|0px||false|false&#8220; hover_enabled=&#8220;0&#8243; header_font_size_tablet=&#8220;88px&#8220; header_font_size_phone=&#8220;58px&#8220; header_font_size_last_edited=&#8220;on|tablet&#8220; header_text_shadow_style=&#8220;preset1&#8243; global_colors_info=&#8220;{}&#8220; sticky_enabled=&#8220;0&#8243;]<\/p>\n<h1><span style=\"color: #ffffff;\">Zug\u00e4nglichkeit<\/span><\/h1>\n<p>[\/et_pb_text][\/et_pb_column][\/et_pb_row][\/et_pb_section][et_pb_section fb_built=&#8220;1&#8243; custom_padding_last_edited=&#8220;on|tablet&#8220; _builder_version=&#8220;4.22.1&#8243; _module_preset=&#8220;default&#8220; custom_margin=&#8220;0px||0px||false|false&#8220; custom_padding=&#8220;80px||0px||false|false&#8220; custom_padding_tablet=&#8220;120px||0px||false|false&#8220; custom_padding_phone=&#8220;90px||0px||false|false&#8220; global_colors_info=&#8220;{}&#8220;][et_pb_row use_custom_gutter=&#8220;on&#8220; gutter_width=&#8220;1&#8243; _builder_version=&#8220;4.22.1&#8243; _module_preset=&#8220;default&#8220; width=&#8220;90%&#8220; max_width=&#8220;1300px&#8220; custom_margin=&#8220;0px||80px||false|false&#8220; custom_margin_tablet=&#8220;0px||89px||false|false&#8220; custom_margin_phone=&#8220;0px||55px||false|false&#8220; custom_margin_last_edited=&#8220;on|phone&#8220; custom_padding=&#8220;0px||0px||false|false&#8220; global_colors_info=&#8220;{}&#8220;][et_pb_column type=&#8220;4_4&#8243; _builder_version=&#8220;4.19.4&#8243; _module_preset=&#8220;default&#8220; global_colors_info=&#8220;{}&#8220;][et_pb_text _builder_version=&#8220;4.22.1&#8243; _module_preset=&#8220;default&#8220; text_font=&#8220;Roboto Flex||||||||&#8220; text_text_color=&#8220;#616161&#8243; text_font_size=&#8220;18px&#8220; text_line_height=&#8220;1.6em&#8220; custom_margin=&#8220;0px||0px||false|false&#8220; custom_padding=&#8220;0px||0px||false|false&#8220; text_font_size_tablet=&#8220;18px&#8220; text_font_size_phone=&#8220;17px&#8220; text_font_size_last_edited=&#8220;on|phone&#8220; global_colors_info=&#8220;{}&#8220;]<\/p>\n<p style=\"text-align: justify;\"><span>Im Mittelpunkt unseres Engagements f\u00fcr eine integrative und zug\u00e4ngliche st\u00e4dtische Infrastruktur stehen die Zug\u00e4nglichkeitsdienste von Techniroute, die L\u00f6sungen anbieten, die auf die besonderen Bed\u00fcrfnisse von Personen mit eingeschr\u00e4nkter Mobilit\u00e4t und Sehbehinderungen zugeschnitten sind. Wir wissen, wie wichtig es ist, R\u00e4ume zu schaffen, in denen sich jeder sicher, unabh\u00e4ngig und selbstbewusst bewegen kann.   <\/span><\/p>\n<p style=\"text-align: justify;\"><span>Von unseren taktilen und visuellen Markierungen f\u00fcr Sehbehinderte bis hin zu Beschilderungs- und Markierungsl\u00f6sungen f\u00fcr Menschen mit eingeschr\u00e4nkter Mobilit\u00e4t sind unsere Dienstleistungen f\u00fcr Barrierefreiheit darauf ausgelegt, die Inklusion zu f\u00f6rdern und eine st\u00e4dtische Umgebung zu schaffen, die alle Menschen willkommen hei\u00dft.<\/span><\/p>\n<p style=\"text-align: justify;\">[\/et_pb_text][\/et_pb_column][\/et_pb_row][\/et_pb_section][et_pb_section fb_built=&#8220;1&#8243; _builder_version=&#8220;4.21.0&#8243; _module_preset=&#8220;default&#8220; global_colors_info=&#8220;{}&#8220;][et_pb_row column_structure=&#8220;2_3,1_3&#8243; make_equal=&#8220;on&#8220; module_id=&#8220;bornes&#8220; _builder_version=&#8220;4.22.1&#8243; _module_preset=&#8220;default&#8220; global_colors_info=&#8220;{}&#8220;][et_pb_column type=&#8220;2_3&#8243; _builder_version=&#8220;4.21.0&#8243; _module_preset=&#8220;default&#8220; global_colors_info=&#8220;{}&#8220;][et_pb_text _builder_version=&#8220;4.21.0&#8243; _module_preset=&#8220;default&#8220; text_font=&#8220;Montserrat|600|||||||&#8220; text_text_color=&#8220;#e74431&#8243; text_font_size=&#8220;20px&#8220; header_3_font=&#8220;Montserrat|600|||||||&#8220; header_3_text_color=&#8220;#e74431&#8243; global_colors_info=&#8220;{}&#8220;]<\/p>\n<h3>Markierung<\/h3>\n<p>[\/et_pb_text][et_pb_text _builder_version=&#8220;4.27.0&#8243; _module_preset=&#8220;default&#8220; text_font=&#8220;Roboto Flex||||||||&#8220; text_font_size=&#8220;16px&#8220; global_colors_info=&#8220;{}&#8220;]<\/p>\n<p style=\"text-align: justify;\">Bei Techniroute zeigt sich unser Engagement f\u00fcr Barrierefreiheit in Markierungsl\u00f6sungen, die auf Sehbehinderte und Menschen mit eingeschr\u00e4nkter Mobilit\u00e4t zugeschnitten sind. Unsere taktilen und visuellen Markierungen bieten Sehbehinderten wichtige Orientierungshilfen und erleichtern ihnen durch kontrastreiche Bodenbel\u00e4ge die selbstst\u00e4ndige Navigation. F\u00fcr Menschen mit eingeschr\u00e4nkter Mobilit\u00e4t bieten wir spezielle Markierungen f\u00fcr Parkpl\u00e4tze und Rampen, die einen einfachen Zugang zu \u00f6ffentlichen Einrichtungen gew\u00e4hrleisten. Wir sind stolz darauf, zur Schaffung integrativer Umgebungen beizutragen, die die Unabh\u00e4ngigkeit und Sicherheit aller Menschen f\u00f6rdern.   <\/p>\n<p>[\/et_pb_text][\/et_pb_column][et_pb_column type=&#8220;1_3&#8243; _builder_version=&#8220;4.22.1&#8243; _module_preset=&#8220;default&#8220; custom_css_main_element=&#8220;margin:auto&#8220; global_colors_info=&#8220;{}&#8220;][et_pb_image src=&#8220;https:\/\/techniroute.wedo.lu\/wp-content\/uploads\/2023\/08\/Techniroute-accessibilite.jpg&#8220; title_text=&#8220;Techniroute Zug\u00e4nglichkeit&#8220; _builder_version=&#8220;4.22.1&#8243; _module_preset=&#8220;default&#8220; border_radii=&#8220;on|20px|20px|20px|20px&#8220; global_colors_info=&#8220;{}&#8220;][\/et_pb_image][\/et_pb_column][\/et_pb_row][\/et_pb_section]<\/p>\n","protected":false},"excerpt":{"rendered":"<p>Zug\u00e4nglichkeitIm Mittelpunkt unseres Engagements f\u00fcr eine integrative und zug\u00e4ngliche st\u00e4dtische Infrastruktur stehen die Zug\u00e4nglichkeitsdienste von Techniroute, die L\u00f6sungen anbieten, die auf die besonderen Bed\u00fcrfnisse von Personen mit eingeschr\u00e4nkter Mobilit\u00e4t und Sehbehinderungen zugeschnitten sind. Wir wissen, wie wichtig es ist, R\u00e4ume zu schaffen, in denen sich jeder sicher, unabh\u00e4ngig und selbstbewusst bewegen kann. Von unseren taktilen [&hellip;]<\/p>\n","protected":false},"author":1,"featured_media":0,"parent":0,"menu_order":0,"comment_status":"closed","ping_status":"closed","template":"","meta":{"_et_pb_use_builder":"on","_et_pb_old_content":"","_et_gb_content_width":"","footnotes":""},"class_list":["post-242523","page","type-page","status-publish","hentry"],"_links":{"self":[{"href":"https:\/\/techniroute.wedo.lu\/de\/wp-json\/wp\/v2\/pages\/242523","targetHints":{"allow":["GET"]}}],"collection":[{"href":"https:\/\/techniroute.wedo.lu\/de\/wp-json\/wp\/v2\/pages"}],"about":[{"href":"https:\/\/techniroute.wedo.lu\/de\/wp-json\/wp\/v2\/types\/page"}],"author":[{"embeddable":true,"href":"https:\/\/techniroute.wedo.lu\/de\/wp-json\/wp\/v2\/users\/1"}],"replies":[{"embeddable":true,"href":"https:\/\/techniroute.wedo.lu\/de\/wp-json\/wp\/v2\/comments?post=242523"}],"version-history":[{"count":3,"href":"https:\/\/techniroute.wedo.lu\/de\/wp-json\/wp\/v2\/pages\/242523\/revisions"}],"predecessor-version":[{"id":242759,"href":"https:\/\/techniroute.wedo.lu\/de\/wp-json\/wp\/v2\/pages\/242523\/revisions\/242759"}],"wp:attachment":[{"href":"https:\/\/techniroute.wedo.lu\/de\/wp-json\/wp\/v2\/media?parent=242523"}],"curies":[{"name":"wp","href":"https:\/\/api.w.org\/{rel}","templated":true}]}}